{"id":835,"date":"2023-08-07T18:25:23","date_gmt":"2023-08-07T21:25:23","guid":{"rendered":"https:\/\/eleicao.sinasefesp.org.br\/?page_id=835"},"modified":"2023-08-07T18:25:23","modified_gmt":"2023-08-07T21:25:23","slug":"homologacao-das-chapas-inscritas","status":"publish","type":"page","link":"https:\/\/rede.sinasefesp.org.br\/eleicao2025\/homologacao-das-chapas-inscritas\/","title":{"rendered":"Homologa\u00e7\u00e3o das chapas inscritas"},"content":{"rendered":"\n<p><mark class=\"has-inline-color has-nv-c-2-color\">(07\/08\/2023)<\/mark><br><br><strong>Comunicado 4:<\/strong> Chapas homologadas ao processo eleitoral da Coordena\u00e7\u00e3o Funcional do Sinasefe-SP bi\u00eanio 2023 &#8211; 2025. <br>A Comiss\u00e3o Eleitoral, ap\u00f3s an\u00e1lise das chapas, publica o seguinte resultado:<br><br><strong>1)<\/strong> Chapa <em>Utopia e pr\u00e1xis: ousadia para esperan\u00e7ar, resistir e lutar<\/em>: homologada. <br><strong>2)<\/strong> Chapa <em>Retomada da luta pela base\/SPL<\/em>: homologada.<br><\/p>\n\n\n\n<div data-wp-interactive=\"core\/file\" class=\"wp-block-file\"><object aria-label=\"Incorporar PDF\" data-wp-bind--hidden=\"!state.hasPdfPreview\" hidden><\/object><a id=\"wp-block-file--media-2c148b72-3286-4a8c-bc62-574e3653e968\" href=\"https:\/\/eleicao.sinasefesp.org.br\/wp-content\/uploads\/2023\/08\/Chapas_homologadas_assinado.pdf\">Chapas_homologadas_assinado<\/a><a href=\"https:\/\/eleicao.sinasefesp.org.br\/wp-content\/uploads\/2023\/08\/Chapas_homologadas_assinado.pdf\" class=\"wp-block-file__button wp-element-button\" download aria-describedby=\"wp-block-file--media-2c148b72-3286-4a8c-bc62-574e3653e968\">Baixar<\/a><\/div>\n","protected":false},"excerpt":{"rendered":"<p>(07\/08\/2023) Comunicado 4: Chapas homologadas ao processo eleitoral da Coordena\u00e7\u00e3o Funcional do Sinasefe-SP bi\u00eanio 2023 &#8211; 2025. A Comiss\u00e3o Eleitoral, ap\u00f3s an\u00e1lise das chapas, publica o seguinte resultado: 1) Chapa Utopia e pr\u00e1xis: ousadia para esperan\u00e7ar, resistir e lutar: homologada. 2) Chapa Retomada da luta pela base\/SPL: homologada.<\/p>\n","protected":false},"author":15,"featured_media":0,"parent":0,"menu_order":0,"comment_status":"closed","ping_status":"closed","template":"","meta":{"neve_meta_sidebar":"","neve_meta_container":"","neve_meta_enable_content_width":"","neve_meta_content_width":0,"neve_meta_title_alignment":"","neve_meta_author_avatar":"","neve_post_elements_order":"","neve_meta_disable_header":"","neve_meta_disable_footer":"","neve_meta_disable_title":"","footnotes":""},"class_list":["post-835","page","type-page","status-publish","hentry"],"_links":{"self":[{"href":"https:\/\/rede.sinasefesp.org.br\/eleicao2025\/wp-json\/wp\/v2\/pages\/835","targetHints":{"allow":["GET"]}}],"collection":[{"href":"https:\/\/rede.sinasefesp.org.br\/eleicao2025\/wp-json\/wp\/v2\/pages"}],"about":[{"href":"https:\/\/rede.sinasefesp.org.br\/eleicao2025\/wp-json\/wp\/v2\/types\/page"}],"author":[{"embeddable":true,"href":"https:\/\/rede.sinasefesp.org.br\/eleicao2025\/wp-json\/wp\/v2\/users\/15"}],"replies":[{"embeddable":true,"href":"https:\/\/rede.sinasefesp.org.br\/eleicao2025\/wp-json\/wp\/v2\/comments?post=835"}],"version-history":[{"count":0,"href":"https:\/\/rede.sinasefesp.org.br\/eleicao2025\/wp-json\/wp\/v2\/pages\/835\/revisions"}],"wp:attachment":[{"href":"https:\/\/rede.sinasefesp.org.br\/eleicao2025\/wp-json\/wp\/v2\/media?parent=835"}],"curies":[{"name":"wp","href":"https:\/\/api.w.org\/{rel}","templated":true}]}}