{"id":813,"date":"2023-08-04T17:40:39","date_gmt":"2023-08-04T20:40:39","guid":{"rendered":"https:\/\/eleicao.sinasefesp.org.br\/?p=813"},"modified":"2023-08-04T17:40:39","modified_gmt":"2023-08-04T20:40:39","slug":"chapas-aptas","status":"publish","type":"page","link":"https:\/\/rede.sinasefesp.org.br\/eleicao2025\/chapas-aptas\/","title":{"rendered":"Chapas Aptas"},"content":{"rendered":"\n<p>Dando prosseguimento ao processo eleitoral para a Coordena\u00e7\u00e3o Funcional do Sinasefe-SP Bi\u00eanio 2023-2025, publicamos abaixo o comunicado da Comiss\u00e3o Eleitoral sobre as inscri\u00e7\u00f5es de chapas habilitadas (comunicado 1).<\/p>\n\n\n\n<p>Conforme o C\u00f3digo Eleitoral, Art. 5\u00ba \u00a71\u00ba, caber\u00e1 \u00e0 chapa interpor recurso a esta Comiss\u00e3o Eleitoral, fundamentando as raz\u00f5es de fato e de direito, e\/ou, substituindo seus membros\/membras, no prazo de at\u00e9 24h ap\u00f3s a publica\u00e7\u00e3o da lista das chapas habilitadas, conforme Cronograma do C\u00f3digo Eleitoral.<br><br><strong>E-mail para envio de recurso:<\/strong> <mark class=\"has-inline-color has-nv-c-2-color\">comissao.eleitoral@sinasefesp.org.br<\/mark><\/p>\n\n\n\n<p> <\/p>\n\n\n\n<div data-wp-interactive=\"core\/file\" class=\"wp-block-file\"><object aria-label=\"Incorporar PDF\" data-wp-bind--hidden=\"!state.hasPdfPreview\" hidden><\/object><a id=\"wp-block-file--media-20256d1e-5c45-421e-9010-f4fcb33344d9\" href=\"https:\/\/eleicao.sinasefesp.org.br\/wp-content\/uploads\/2023\/08\/Comunicado-1-Publicacao-das-inscricoes-de-chapas-habilitadas.pdf\">Comunicado-1-Publicacao-das-inscricoes-de-chapas-habilitadas<\/a><a href=\"https:\/\/eleicao.sinasefesp.org.br\/wp-content\/uploads\/2023\/08\/Comunicado-1-Publicacao-das-inscricoes-de-chapas-habilitadas.pdf\" class=\"wp-block-file__button wp-element-button\" download aria-describedby=\"wp-block-file--media-20256d1e-5c45-421e-9010-f4fcb33344d9\">Baixar<\/a><\/div>\n","protected":false},"excerpt":{"rendered":"<p>Dando prosseguimento ao processo eleitoral para a Coordena\u00e7\u00e3o Funcional do Sinasefe-SP Bi\u00eanio 2023-2025, publicamos abaixo o comunicado da Comiss\u00e3o Eleitoral sobre as inscri\u00e7\u00f5es de chapas habilitadas (comunicado 1). Conforme o C\u00f3digo Eleitoral, Art. 5\u00ba \u00a71\u00ba, caber\u00e1 \u00e0 chapa interpor recurso a esta Comiss\u00e3o Eleitoral, fundamentando as raz\u00f5es de fato e de direito, e\/ou, substituindo seus&hellip;&nbsp;<\/p>\n","protected":false},"author":15,"featured_media":0,"parent":0,"menu_order":0,"comment_status":"open","ping_status":"open","template":"","meta":{"neve_meta_sidebar":"","neve_meta_container":"","neve_meta_enable_content_width":"","neve_meta_content_width":0,"neve_meta_title_alignment":"","neve_meta_author_avatar":"","neve_post_elements_order":"","neve_meta_disable_header":"","neve_meta_disable_footer":"","neve_meta_disable_title":"","footnotes":""},"class_list":["post-813","page","type-page","status-publish","hentry"],"_links":{"self":[{"href":"https:\/\/rede.sinasefesp.org.br\/eleicao2025\/wp-json\/wp\/v2\/pages\/813","targetHints":{"allow":["GET"]}}],"collection":[{"href":"https:\/\/rede.sinasefesp.org.br\/eleicao2025\/wp-json\/wp\/v2\/pages"}],"about":[{"href":"https:\/\/rede.sinasefesp.org.br\/eleicao2025\/wp-json\/wp\/v2\/types\/page"}],"author":[{"embeddable":true,"href":"https:\/\/rede.sinasefesp.org.br\/eleicao2025\/wp-json\/wp\/v2\/users\/15"}],"replies":[{"embeddable":true,"href":"https:\/\/rede.sinasefesp.org.br\/eleicao2025\/wp-json\/wp\/v2\/comments?post=813"}],"version-history":[{"count":0,"href":"https:\/\/rede.sinasefesp.org.br\/eleicao2025\/wp-json\/wp\/v2\/pages\/813\/revisions"}],"wp:attachment":[{"href":"https:\/\/rede.sinasefesp.org.br\/eleicao2025\/wp-json\/wp\/v2\/media?parent=813"}],"curies":[{"name":"wp","href":"https:\/\/api.w.org\/{rel}","templated":true}]}}