{"id":69,"date":"2021-02-18T10:59:27","date_gmt":"2021-02-18T10:59:27","guid":{"rendered":"https:\/\/demosites.io\/neve-3\/shop\/"},"modified":"2021-02-18T10:59:27","modified_gmt":"2021-02-18T10:59:27","slug":"sobre-a-plataforma","status":"publish","type":"page","link":"https:\/\/rede.sinasefesp.org.br\/eleicao2025\/sobre-a-plataforma\/","title":{"rendered":"Informa\u00e7\u00f5es sobre a plataforma"},"content":{"rendered":"\n<div style=\"height:20px\" aria-hidden=\"true\" class=\"wp-block-spacer\"><\/div>\n\n\n\n<div class=\"wp-block-cover alignwide\"><span aria-hidden=\"true\" class=\"wp-block-cover__background has-nv-dark-bg-background-color has-background-dim-90 has-background-dim\"><\/span><div class=\"wp-block-cover__inner-container is-layout-flow wp-block-cover-is-layout-flow\"><div class=\"wp-block-image\">\n<figure class=\"aligncenter size-full\"><img loading=\"lazy\" decoding=\"async\" width=\"198\" height=\"60\" src=\"https:\/\/eleicao.sinasefesp.org.br\/wp-content\/uploads\/2023\/07\/logo-tafner-branco.webp\" alt=\"\" class=\"wp-image-719\" \/><\/figure>\n<\/div><\/div><\/div>\n\n\n\n<div style=\"height:40px\" aria-hidden=\"true\" class=\"wp-block-spacer\"><\/div>\n\n\n\n<div class=\"wp-block-columns is-layout-flex wp-container-core-columns-is-layout-9d6595d7 wp-block-columns-is-layout-flex\">\n<div class=\"wp-block-column is-vertically-aligned-center is-layout-flow wp-block-column-is-layout-flow\">\n<h2 class=\"wp-block-heading has-text-align-center\">A vota\u00e7\u00e3o ser\u00e1 realizada pela TAFNER<\/h2>\n\n\n\n<p>Sediada em Sorocaba interior de SP, a&nbsp;<strong><a rel=\"noreferrer noopener\" href=\"https:\/\/tafnervotacao.com.br\/site\" target=\"_blank\">Tafner<\/a><\/strong>&nbsp;atua na \u00e1rea da tecnologia da informa\u00e7\u00e3o desde 1998. S\u00e3o pioneiros no Brasil com a plataforma de vota\u00e7\u00e3o online existente h\u00e1 10 anos.<\/p>\n\n\n\n<div class=\"wp-block-media-text alignwide is-stacked-on-mobile\" style=\"grid-template-columns:40% auto\"><figure class=\"wp-block-media-text__media\"><img loading=\"lazy\" decoding=\"async\" width=\"483\" height=\"551\" src=\"https:\/\/eleicao.sinasefesp.org.br\/wp-content\/uploads\/2023\/07\/review.webp\" alt=\"\" class=\"wp-image-720 size-full\" srcset=\"https:\/\/rede.sinasefesp.org.br\/eleicao2025\/wp-content\/uploads\/sites\/2\/2023\/07\/review.webp 483w, https:\/\/rede.sinasefesp.org.br\/eleicao2025\/wp-content\/uploads\/sites\/2\/2023\/07\/review-263x300.webp 263w\" sizes=\"auto, (max-width: 483px) 100vw, 483px\" \/><\/figure><div class=\"wp-block-media-text__content\">\n<h4 class=\"wp-block-heading\">Conhe\u00e7a as principais funcionalidades:<\/h4>\n\n\n\n<ul class=\"wp-block-list\">\n<li>Vote nos cargos ou chapas para eleger seus representantes (conselhos, diretorias, sindicatos etc.) ou vote nas ordens do dia para aprova\u00e7\u00e3o de pautas.<\/li>\n\n\n\n<li>&nbsp;Vota\u00e7\u00e3o f\u00e1cil via browser. Voto online conclu\u00eddo em poucos segundos, de onde estiver, pelo computador ou celular.<\/li>\n\n\n\n<li>&nbsp;Receba a senha individual por WhatsApp, e-mail ou SMS<\/li>\n\n\n\n<li>Possibilidade de voto h\u00edbrido, online e presencial com a libera\u00e7\u00e3o via mes\u00e1rio de urna.<\/li>\n\n\n\n<li>100% audit\u00e1vel. Todo o processo pode ser auditado atrav\u00e9s das trilhas de logs existentes.<\/li>\n<\/ul>\n<\/div><\/div>\n\n\n\n<div style=\"height:40px\" aria-hidden=\"true\" class=\"wp-block-spacer\"><\/div>\n\n\n\n<h3 class=\"wp-block-heading has-text-align-center\">Confira abaixo um v\u00eddeo sobre a plataforma<\/h3>\n\n\n\n<figure class=\"wp-block-video\"><video controls src=\"https:\/\/tafnervotacao.com.br\/site\/Images\/videoVantagens.mp4\"><\/video><\/figure>\n\n\n\n<div style=\"height:20px\" aria-hidden=\"true\" class=\"wp-block-spacer\"><\/div>\n\n\n\n<div class=\"wp-block-buttons is-content-justification-center is-layout-flex wp-container-core-buttons-is-layout-16018d1d wp-block-buttons-is-layout-flex\">\n<div class=\"wp-block-button is-style-primary\"><a class=\"wp-block-button__link has-text-align-center wp-element-button\" href=\"https:\/\/tafnervotacao.com.br\/site\" target=\"_blank\" rel=\"noreferrer noopener\">Acesse o site da empresa<\/a><\/div>\n<\/div>\n\n\n\n<div style=\"height:40px\" aria-hidden=\"true\" class=\"wp-block-spacer\"><\/div>\n\n\n\n<div data-wp-interactive=\"core\/file\" class=\"wp-block-file\"><object aria-label=\"Incorporar PDF\" data-wp-bind--hidden=\"!state.hasPdfPreview\" hidden><\/object><\/div>\n<\/div>\n<\/div>\n\n\n\n<div style=\"height:40px\" aria-hidden=\"true\" class=\"wp-block-spacer\"><\/div>\n\n\n\n<div style=\"height:40px\" aria-hidden=\"true\" class=\"wp-block-spacer\"><\/div>\n\n\n\n<div class=\"wp-block-columns is-layout-flex wp-container-core-columns-is-layout-9d6595d7 wp-block-columns-is-layout-flex\">\n<div class=\"wp-block-column is-layout-flow wp-block-column-is-layout-flow\">\n<div style=\"height:30px\" aria-hidden=\"true\" class=\"wp-block-spacer\"><\/div>\n<\/div>\n\n\n\n<div class=\"wp-block-column is-layout-flow wp-block-column-is-layout-flow\">\n<div style=\"height:30px\" aria-hidden=\"true\" class=\"wp-block-spacer\"><\/div>\n<\/div>\n\n\n\n<div class=\"wp-block-column is-layout-flow wp-block-column-is-layout-flow\">\n<div style=\"height:30px\" aria-hidden=\"true\" class=\"wp-block-spacer\"><\/div>\n<\/div>\n<\/div>\n\n\n\n<div style=\"height:20px\" aria-hidden=\"true\" class=\"wp-block-spacer\"><\/div>\n","protected":false},"excerpt":{"rendered":"<p>A vota\u00e7\u00e3o ser\u00e1 realizada pela TAFNER Sediada em Sorocaba interior de SP, a&nbsp;Tafner&nbsp;atua na \u00e1rea da tecnologia da informa\u00e7\u00e3o desde 1998. S\u00e3o pioneiros no Brasil com a plataforma de vota\u00e7\u00e3o online existente h\u00e1 10 anos. Conhe\u00e7a as principais funcionalidades: Confira abaixo um v\u00eddeo sobre a plataforma<\/p>\n","protected":false},"author":14,"featured_media":0,"parent":0,"menu_order":0,"comment_status":"closed","ping_status":"closed","template":"","meta":{"neve_meta_sidebar":"","neve_meta_container":"contained","neve_meta_enable_content_width":"","neve_meta_content_width":0,"neve_meta_title_alignment":"center","neve_meta_author_avatar":"","neve_post_elements_order":"","neve_meta_disable_header":"","neve_meta_disable_footer":"","neve_meta_disable_title":"off","footnotes":""},"class_list":["post-69","page","type-page","status-publish","hentry"],"_links":{"self":[{"href":"https:\/\/rede.sinasefesp.org.br\/eleicao2025\/wp-json\/wp\/v2\/pages\/69","targetHints":{"allow":["GET"]}}],"collection":[{"href":"https:\/\/rede.sinasefesp.org.br\/eleicao2025\/wp-json\/wp\/v2\/pages"}],"about":[{"href":"https:\/\/rede.sinasefesp.org.br\/eleicao2025\/wp-json\/wp\/v2\/types\/page"}],"author":[{"embeddable":true,"href":"https:\/\/rede.sinasefesp.org.br\/eleicao2025\/wp-json\/wp\/v2\/users\/14"}],"replies":[{"embeddable":true,"href":"https:\/\/rede.sinasefesp.org.br\/eleicao2025\/wp-json\/wp\/v2\/comments?post=69"}],"version-history":[{"count":0,"href":"https:\/\/rede.sinasefesp.org.br\/eleicao2025\/wp-json\/wp\/v2\/pages\/69\/revisions"}],"wp:attachment":[{"href":"https:\/\/rede.sinasefesp.org.br\/eleicao2025\/wp-json\/wp\/v2\/media?parent=69"}],"curies":[{"name":"wp","href":"https:\/\/api.w.org\/{rel}","templated":true}]}}