{"id":515,"date":"2023-06-30T09:21:04","date_gmt":"2023-06-30T12:21:04","guid":{"rendered":"https:\/\/eleicao.sinasefesp.org.br\/\/?page_id=515"},"modified":"2023-06-30T09:21:04","modified_gmt":"2023-06-30T12:21:04","slug":"edital-convocacao","status":"publish","type":"page","link":"https:\/\/rede.sinasefesp.org.br\/eleicao2025\/edital-convocacao\/","title":{"rendered":"Edital de Convoca\u00e7\u00e3o Bi\u00eanio 2023-2025"},"content":{"rendered":"\n<h2 class=\"wp-block-heading\"><a href=\"https:\/\/eleicao.sinasefesp.org.br\/wp-content\/uploads\/2023\/07\/Edital_de_convocacao_2023-2025_atualizado_11_07_29_assinado.pdf\" data-type=\"attachment\" data-id=\"756\">Edital de Convoca\u00e7\u00e3o &#8211; atualizado conforme a IN 001\/2023<\/a><\/h2>\n\n\n\n<p>A Comiss\u00e3o Eleitoral respons\u00e1vel pela elei\u00e7\u00e3o de representantes da Coordena\u00e7\u00e3o<br>Funcional do Sindicato Nacional dos Servidores Federais da Educa\u00e7\u00e3o B\u00e1sica e Profissional &#8211;<br>Se\u00e7\u00e3o Sindical de S\u00e3o Paulo, nos termos estatut\u00e1rios, convoca os(as) sindicalizados(as) a<br>participarem do processo eleitoral que eleger\u00e1 os(as) coordenadores(as) que ocupar\u00e3o a<br>Coordena\u00e7\u00e3o Funcional do bi\u00eanio 2023-2025.<\/p>\n\n\n\n<ol class=\"wp-block-list\">\n<li>A Coordena\u00e7\u00e3o Funcional ser\u00e1 constitu\u00edda por membros reunidos em chapas, com 50%<br>(cinquenta por cento) das vagas reservadas para o g\u00eanero feminino. Al\u00e9m disso, 30% (trinta por<br>cento) da composi\u00e7\u00e3o geral da Coordena\u00e7\u00e3o Funcional deve ser de pessoas pretas, pardas ou<br>ind\u00edgenas, observando-se a seguinte composi\u00e7\u00e3o:<br>I. Coordenador\/a Estadual;<br>II. Coordenador\/a Estadual;<br>III. Coordenador\/a Estadual;<br>IV. Coordenador\/a de Comunica\u00e7\u00e3o;<br>V. Coordenador\/a de Administra\u00e7\u00e3o, Finan\u00e7as e Or\u00e7amento;<br>VI. Coordenador\/a para Assuntos de Servidores Docentes;<br>VII. Coordenador\/a para Assuntos de Servidores T\u00e9cnico-Administrativos;<br>VIII. Coordenador\/a para Assuntos de Aposentadoria;<br>IX. Coordenador\/a de Forma\u00e7\u00e3o Pol\u00edtico-Sindical;<br>X. Coordenador\/a de Combate \u00e0s Opress\u00f5es e ao Ass\u00e9dio;<br>XI. Coordenador\/a de Pol\u00edticas para Mulheres;<br>XII. Coordenador\/a de Pol\u00edticas LGBTQIAPN+;<br>XIII. Coordenador\/a de Pol\u00edticas \u00c9tnico-raciais;<br>XIV. 1\u00ba Suplente;<br>XV. 2\u00ba Suplente.<br>Os membros das chapas dever\u00e3o:<br>a. Estar em dia com suas obriga\u00e7\u00f5es sindicais;<br>b. Estar sindicalizado\/sindicalizada h\u00e1 pelo menos 2 (dois) meses antes da data do final do<br>per\u00edodo de inscri\u00e7\u00e3o, exceto para a situa\u00e7\u00e3o em que o servidor ou a servidora tenha tomado<br>posse nos Institutos Federais em per\u00edodo menor ao supracitado;<br>c. N\u00e3o fazer parte da Comiss\u00e3o Eleitoral.<br>As chapas dever\u00e3o:<br>a. Inscrever 15 (quinze) nomes, sendo 13 (treze) coordenadores(as) e 2 suplentes;<br>b. Ter no m\u00ednimo 8 mulheres inscritas;<br>c. Apresentar programa b\u00e1sico para o bi\u00eanio;<br>d. Ter ci\u00eancia de que \u00e9 vedada a reelei\u00e7\u00e3o de qualquer membro por mais de 2 (dois) mandatos consecutivos.<\/li>\n<\/ol>\n\n\n\n<ol class=\"wp-block-list\" start=\"2\">\n<li>S\u00e3o eleitores(as) para as Coordena\u00e7\u00f5es do SINASEFE, Se\u00e7\u00e3o Sindical de S\u00e3o Paulo, os(as)<br>servidores(as) sindicalizados(as) at\u00e9 o dia 28 de maio de 2023 que constarem na lista de<br>votantes aptos a ser publicada, conforme o Cronograma Eleitoral. \u00c9 necess\u00e1rio tamb\u00e9m que o\/a<br>servidor\/servidora esteja em dia com suas obriga\u00e7\u00f5es sindicais. As elei\u00e7\u00f5es ser\u00e3o realizadas no<br>dia 25 de agosto de 2023, por plataforma virtual, tendo in\u00edcio \u00e0s 8h e t\u00e9rmino \u00e0s 20h.<br>Para mais informa\u00e7\u00f5es sobre o pleito, consultar <a href=\"https:\/\/eleicao.sinasefesp.org.br\/codigo-eleitoral\/\" data-type=\"page\" data-id=\"20\">C\u00f3digo Eleitoral<\/a>.<br><br>S\u00e3o Paulo, 12 de julho de 2023.<br>COMISS\u00c3O ELEITORAL BI\u00caNIO 2023\/2025<\/li>\n<\/ol>\n\n\n\n<div data-wp-interactive=\"core\/file\" class=\"wp-block-file\"><object aria-label=\"Incorporar PDF\" data-wp-bind--hidden=\"!state.hasPdfPreview\" hidden><\/object><a id=\"wp-block-file--media-36f07fa7-6bff-491b-8773-c9db4907f348\" href=\"https:\/\/eleicao.sinasefesp.org.br\/wp-content\/uploads\/2023\/07\/Edital_de_convocacao_2023-2025_atualizado_11_07_29_assinado.pdf\">Edital_de_convocacao_2023-2025_atualizado_12_07_assinado<\/a><a href=\"https:\/\/eleicao.sinasefesp.org.br\/wp-content\/uploads\/2023\/07\/Edital_de_convocacao_2023-2025_atualizado_11_07_29_assinado.pdf\" class=\"wp-block-file__button wp-element-button\" download aria-describedby=\"wp-block-file--media-36f07fa7-6bff-491b-8773-c9db4907f348\">Baixar<\/a><\/div>\n\n\n\n<h2 class=\"wp-block-heading\"><a href=\"https:\/\/eleicao.sinasefesp.org.br\/wp-content\/uploads\/2023\/07\/IN_01_2023_atualizada_em_11_07_29_assinada.pdf\" data-type=\"attachment\" data-id=\"755\">Instru\u00e7\u00e3o Normativa<\/a><\/h2>\n\n\n\n<div data-wp-interactive=\"core\/file\" class=\"wp-block-file\"><object aria-label=\"Incorporar PDF\" data-wp-bind--hidden=\"!state.hasPdfPreview\" hidden><\/object><a id=\"wp-block-file--media-90deea51-8ff2-4aa0-9118-c21710ea24a9\" href=\"https:\/\/eleicao.sinasefesp.org.br\/wp-content\/uploads\/2023\/07\/IN_01_2023_atualizada_em_11_07_29_assinada.pdf\">IN_01_2023_atualizada_em_12_07_assinada<\/a><a href=\"https:\/\/eleicao.sinasefesp.org.br\/wp-content\/uploads\/2023\/07\/IN_01_2023_atualizada_em_11_07_29_assinada.pdf\" class=\"wp-block-file__button wp-element-button\" download aria-describedby=\"wp-block-file--media-90deea51-8ff2-4aa0-9118-c21710ea24a9\">Baixar<\/a><\/div>\n\n\n\n<h2 class=\"wp-block-heading\"><br><a href=\"https:\/\/eleicao.sinasefesp.org.br\/wp-content\/uploads\/2023\/07\/Edital_de_convocacao_2023-2025.pdf\"><strong>Edital de Convoca\u00e7\u00e3o<\/strong><\/a><\/h2>\n\n\n\n<p>A Comiss\u00e3o Eleitoral respons\u00e1vel pela elei\u00e7\u00e3o de representantes da Coordena\u00e7\u00e3o Funcional<br>do Sindicato Nacional dos Servidores Federais da Educa\u00e7\u00e3o B\u00e1sica e Profissional &#8211; Se\u00e7\u00e3o Sindical<br>de S\u00e3o Paulo, nos termos estatut\u00e1rios, convoca os(as) sindicalizados(as) a participarem do<br>processo eleitoral que eleger\u00e1 os(as) coordenadores(as) que ocupar\u00e3o a Coordena\u00e7\u00e3o Funcional<br>do bi\u00eanio 2023-2025.<\/p>\n\n\n\n<ol class=\"wp-block-list\">\n<li>A Coordena\u00e7\u00e3o Funcional ser\u00e1 constitu\u00edda por membros reunidos em chapas, com 50%<br>(cinquenta por cento) das vagas reservadas para o g\u00eanero feminino. Al\u00e9m disso, 30% (trinta por<br>cento) da composi\u00e7\u00e3o geral da Coordena\u00e7\u00e3o Funcional deve ser de pessoas pretas, pardas ou<br>ind\u00edgenas, observando-se a seguinte composi\u00e7\u00e3o:<br>I. Coordenador\/a Estadual;<br>II. Coordenador\/a Estadual;<br>III. Coordenador\/a Estadual;<br>IV. Coordenador\/a de Comunica\u00e7\u00e3o;<br>V. Coordenador\/a de Administra\u00e7\u00e3o, Finan\u00e7as e Or\u00e7amento;<br>VI. Coordenador\/a para Assuntos de Servidores Docentes;<br>VII. Coordenador\/a para Assuntos de Servidores T\u00e9cnico-Administrativos;<br>VIII. Coordenador\/a para Assuntos de Aposentadoria;<br>IX. Coordenador\/a de Forma\u00e7\u00e3o Pol\u00edtico-Sindical;<br>X. Coordenador\/a de Combate \u00e0s Opress\u00f5es e ao Ass\u00e9dio;<br>XI. Coordenador\/a de Pol\u00edticas para Mulheres;<br>XII. Coordenador\/a de Pol\u00edticas LGBTQIAPN+;<br>XIII. Coordenador\/a de Pol\u00edticas \u00c9tnico-raciais;<br>XIV. 1\u00ba Suplente;<br>XV. 2\u00ba Suplente.<br>Os membros das chapas dever\u00e3o:<br>a. Estar em dia com suas obriga\u00e7\u00f5es sindicais;<br>b. Estar sindicalizado\/sindicalizada h\u00e1 pelo menos 2 (dois) meses, antes da data do final do<br>per\u00edodo de inscri\u00e7\u00e3o, exceto para a situa\u00e7\u00e3o em que o servidor ou a servidora tenha tomado<br>posse nos Institutos Federais em per\u00edodo menor ao supracitado;<br>c. N\u00e3o fazer parte da Comiss\u00e3o Eleitoral.<br>As chapas dever\u00e3o:<br>a. Inscrever 15 (quinze) nomes, sendo 13 (treze) coordenadores(as) e 2 suplentes;<br>b. Apresentar programa b\u00e1sico para o bi\u00eanio;<br>c. Ter ci\u00eancia de que \u00e9 vedada a reelei\u00e7\u00e3o de qualquer membro por mais de 2 (dois) mandatos<br>consecutivos.<\/li>\n<\/ol>\n\n\n\n<ol class=\"wp-block-list\" start=\"2\">\n<li>S\u00e3o eleitores(as) para as Coordena\u00e7\u00f5es do SINASEFE, Se\u00e7\u00e3o Sindical de S\u00e3o Paulo, os(as)<br>servidores(as) sindicalizados(as) at\u00e9 o dia 3 de maio de 2023 que constarem na lista de votantes<br>aptos a ser publicada, conforme o Cronograma Eleitoral. \u00c9 necess\u00e1rio tamb\u00e9m que o\/a<br>servidor\/servidora esteja em dia com suas obriga\u00e7\u00f5es sindicais. As elei\u00e7\u00f5es ser\u00e3o realizadas no<br>dia 25 de agosto de 2023, por plataforma virtual, tendo in\u00edcio \u00e0s 8h e t\u00e9rmino \u00e0s 20h.<br>Para mais informa\u00e7\u00f5es sobre o pleito, consultar C\u00f3digo Eleitoral em anexo.<br><br><em>S\u00e3o Paulo, 27 de junho de 2023.<\/em><br><strong>COMISS\u00c3O ELEITORAL BI\u00caNIO 2023\/2025<\/strong><\/li>\n<\/ol>\n\n\n\n<div data-wp-interactive=\"core\/file\" class=\"wp-block-file\"><object aria-label=\"Incorporar PDF\" data-wp-bind--hidden=\"!state.hasPdfPreview\" hidden><\/object><a id=\"wp-block-file--media-099728b1-a9e8-4361-b6ff-dbb6190ecf01\" href=\"https:\/\/eleicao.sinasefesp.org.br\/wp-content\/uploads\/2023\/07\/Edital_de_convocacao_2023-2025.pdf\">Edital_de_convocacao_2023-2025<\/a><a href=\"https:\/\/eleicao.sinasefesp.org.br\/wp-content\/uploads\/2023\/07\/Edital_de_convocacao_2023-2025.pdf\" class=\"wp-block-file__button wp-element-button\" download aria-describedby=\"wp-block-file--media-099728b1-a9e8-4361-b6ff-dbb6190ecf01\">Baixar<\/a><\/div>\n","protected":false},"excerpt":{"rendered":"<p>Edital de Convoca\u00e7\u00e3o &#8211; atualizado conforme a IN 001\/2023 A Comiss\u00e3o Eleitoral respons\u00e1vel pela elei\u00e7\u00e3o de representantes da Coordena\u00e7\u00e3oFuncional do Sindicato Nacional dos Servidores Federais da Educa\u00e7\u00e3o B\u00e1sica e Profissional &#8211;Se\u00e7\u00e3o Sindical de S\u00e3o Paulo, nos termos estatut\u00e1rios, convoca os(as) sindicalizados(as) aparticiparem do processo eleitoral que eleger\u00e1 os(as) coordenadores(as) que ocupar\u00e3o aCoordena\u00e7\u00e3o Funcional do bi\u00eanio&hellip;&nbsp;<\/p>\n","protected":false},"author":14,"featured_media":0,"parent":0,"menu_order":0,"comment_status":"closed","ping_status":"closed","template":"","meta":{"neve_meta_sidebar":"","neve_meta_container":"","neve_meta_enable_content_width":"","neve_meta_content_width":0,"neve_meta_title_alignment":"","neve_meta_author_avatar":"","neve_post_elements_order":"","neve_meta_disable_header":"","neve_meta_disable_footer":"","neve_meta_disable_title":"","footnotes":""},"class_list":["post-515","page","type-page","status-publish","hentry"],"_links":{"self":[{"href":"https:\/\/rede.sinasefesp.org.br\/eleicao2025\/wp-json\/wp\/v2\/pages\/515","targetHints":{"allow":["GET"]}}],"collection":[{"href":"https:\/\/rede.sinasefesp.org.br\/eleicao2025\/wp-json\/wp\/v2\/pages"}],"about":[{"href":"https:\/\/rede.sinasefesp.org.br\/eleicao2025\/wp-json\/wp\/v2\/types\/page"}],"author":[{"embeddable":true,"href":"https:\/\/rede.sinasefesp.org.br\/eleicao2025\/wp-json\/wp\/v2\/users\/14"}],"replies":[{"embeddable":true,"href":"https:\/\/rede.sinasefesp.org.br\/eleicao2025\/wp-json\/wp\/v2\/comments?post=515"}],"version-history":[{"count":0,"href":"https:\/\/rede.sinasefesp.org.br\/eleicao2025\/wp-json\/wp\/v2\/pages\/515\/revisions"}],"wp:attachment":[{"href":"https:\/\/rede.sinasefesp.org.br\/eleicao2025\/wp-json\/wp\/v2\/media?parent=515"}],"curies":[{"name":"wp","href":"https:\/\/api.w.org\/{rel}","templated":true}]}}