{"id":483,"date":"2023-06-30T08:40:42","date_gmt":"2023-06-30T11:40:42","guid":{"rendered":"https:\/\/eleicao.sinasefesp.org.br\/\/?page_id=483"},"modified":"2023-06-30T08:40:42","modified_gmt":"2023-06-30T11:40:42","slug":"votantes","status":"publish","type":"page","link":"https:\/\/rede.sinasefesp.org.br\/eleicao2025\/votantes\/","title":{"rendered":"Lista de Votantes"},"content":{"rendered":"\n<p><strong>A COMISS\u00c3O ELEITORAL PUBLICA LISTA HOMOLOGADA DE VOTANTES APTOS PARA O PROCESSO ELEITORAL DO PLEITO 2023-2025<\/strong>:<\/p>\n\n\n\n<div data-wp-interactive=\"core\/file\" class=\"wp-block-file\"><object aria-label=\"Incorporar PDF\" data-wp-bind--hidden=\"!state.hasPdfPreview\" hidden><\/object><a id=\"wp-block-file--media-a067ca34-6c1e-48c0-9872-63b89e4355f7\" href=\"https:\/\/eleicao.sinasefesp.org.br\/wp-content\/uploads\/2023\/07\/LISTA-DE-VOTANTES-APTOS-PDF-3.pdf\">LISTA-DE-VOTANTES-APTOS-PDF-FINAL<\/a><a href=\"https:\/\/eleicao.sinasefesp.org.br\/wp-content\/uploads\/2023\/07\/LISTA-DE-VOTANTES-APTOS-PDF-3.pdf\" class=\"wp-block-file__button wp-element-button\" download aria-describedby=\"wp-block-file--media-a067ca34-6c1e-48c0-9872-63b89e4355f7\">Baixar<\/a><\/div>\n\n\n\n<p><\/p>\n\n\n\n<p><strong>A COMISS\u00c3O ELEITORAL PUBLICA LISTA DE VOTANTES APTOS PARA O PLEITO 2023-2025<br><\/strong><br>A Comiss\u00e3o Eleitoral torna p\u00fablico a lista de eleitores(as) aptos(as) a votarem no pleito que eleger\u00e1 a nova Coordena\u00e7\u00e3o Funcional para o bi\u00eanio 2023-2025. Destacamos que, segundo o calend\u00e1rio eleitoral, o per\u00edodo de recurso para eventuais inconsist\u00eancias da lista ocorrer\u00e1 nos dias 04\/07\/2023 e 05\/07\/2023.<\/p>\n\n\n\n<p>Os recursos devem ser encaminhados para o seguinte e-mail: comiss\u00e3o.eleitoral@sinasefesp.org.br<\/p>\n\n\n\n<p>Cordialmente,<\/p>\n\n\n\n<p><em>Comiss\u00e3o Eleitoral.<\/em><\/p>\n\n\n\n<div data-wp-interactive=\"core\/file\" class=\"wp-block-file\"><object aria-label=\"Incorporar PDF\" data-wp-bind--hidden=\"!state.hasPdfPreview\" hidden><\/object><a id=\"wp-block-file--media-8ecb46c1-458b-4bdb-950f-bd3b89a879d5\" href=\"https:\/\/eleicao.sinasefesp.org.br\/wp-content\/uploads\/2023\/07\/LISTA-DE-VOTANTES-APTOS-PDF-2.pdf\">LISTA-DE-VOTANTES-APTOS-PDF-2<\/a><a href=\"https:\/\/eleicao.sinasefesp.org.br\/wp-content\/uploads\/2023\/07\/LISTA-DE-VOTANTES-APTOS-PDF-2.pdf\" class=\"wp-block-file__button wp-element-button\" download aria-describedby=\"wp-block-file--media-8ecb46c1-458b-4bdb-950f-bd3b89a879d5\">Baixar<\/a><\/div>\n","protected":false},"excerpt":{"rendered":"<p>A COMISS\u00c3O ELEITORAL PUBLICA LISTA HOMOLOGADA DE VOTANTES APTOS PARA O PROCESSO ELEITORAL DO PLEITO 2023-2025: A COMISS\u00c3O ELEITORAL PUBLICA LISTA DE VOTANTES APTOS PARA O PLEITO 2023-2025A Comiss\u00e3o Eleitoral torna p\u00fablico a lista de eleitores(as) aptos(as) a votarem no pleito que eleger\u00e1 a nova Coordena\u00e7\u00e3o Funcional para o bi\u00eanio 2023-2025. Destacamos que, segundo o&hellip;&nbsp;<\/p>\n","protected":false},"author":14,"featured_media":0,"parent":0,"menu_order":0,"comment_status":"closed","ping_status":"closed","template":"","meta":{"neve_meta_sidebar":"","neve_meta_container":"","neve_meta_enable_content_width":"","neve_meta_content_width":0,"neve_meta_title_alignment":"","neve_meta_author_avatar":"","neve_post_elements_order":"","neve_meta_disable_header":"","neve_meta_disable_footer":"","neve_meta_disable_title":"","footnotes":""},"class_list":["post-483","page","type-page","status-publish","hentry"],"_links":{"self":[{"href":"https:\/\/rede.sinasefesp.org.br\/eleicao2025\/wp-json\/wp\/v2\/pages\/483","targetHints":{"allow":["GET"]}}],"collection":[{"href":"https:\/\/rede.sinasefesp.org.br\/eleicao2025\/wp-json\/wp\/v2\/pages"}],"about":[{"href":"https:\/\/rede.sinasefesp.org.br\/eleicao2025\/wp-json\/wp\/v2\/types\/page"}],"author":[{"embeddable":true,"href":"https:\/\/rede.sinasefesp.org.br\/eleicao2025\/wp-json\/wp\/v2\/users\/14"}],"replies":[{"embeddable":true,"href":"https:\/\/rede.sinasefesp.org.br\/eleicao2025\/wp-json\/wp\/v2\/comments?post=483"}],"version-history":[{"count":0,"href":"https:\/\/rede.sinasefesp.org.br\/eleicao2025\/wp-json\/wp\/v2\/pages\/483\/revisions"}],"wp:attachment":[{"href":"https:\/\/rede.sinasefesp.org.br\/eleicao2025\/wp-json\/wp\/v2\/media?parent=483"}],"curies":[{"name":"wp","href":"https:\/\/api.w.org\/{rel}","templated":true}]}}