{"id":480,"date":"2023-06-30T08:36:28","date_gmt":"2023-06-30T11:36:28","guid":{"rendered":"https:\/\/eleicao.sinasefesp.org.br\/\/?page_id=480"},"modified":"2023-06-30T08:36:28","modified_gmt":"2023-06-30T11:36:28","slug":"atas-de-reuniao","status":"publish","type":"page","link":"https:\/\/rede.sinasefesp.org.br\/eleicao2025\/atas-de-reuniao\/","title":{"rendered":"Atas de Reuni\u00e3o"},"content":{"rendered":"\n<p>Essa se\u00e7\u00e3o re\u00fane todas as ATAS produzidas pela Comiss\u00e3o Eleitoral respons\u00e1vel pelo processo de elei\u00e7\u00e3o da Coordena\u00e7\u00e3o Funcional do Sinasefe-SP bi\u00eanio 2023\/2025.<br>Estamos comprometidos(as) em assegurar um processo democr\u00e1tico e inclusivo, e contamos com a participa\u00e7\u00e3o ativa de cada um(a) de voc\u00eas nessa importante jornada.<\/p>\n\n\n\n<p><strong>Juntos(as), fortalecemos a nossa se\u00e7\u00e3o sindical<\/strong>!<\/p>\n\n\n\n<p>ATA \u2013 Reuni\u00e3o Comiss\u00e3o Eleitoral (25\/04\/2023):&nbsp;<a href=\"https:\/\/sinasefesp.org.br\/ata-reuniao-comissao-eleitoral-25-04-2023\/1-ata-da-comissao-eleitoral-25_04_23-assinada-por-jean-e-andrea\/\"><strong> Ata-da-Comissao-Eleitoral-25_04_23-Assinada-por-Jean-e-Andrea<\/strong><\/a><\/p>\n\n\n\n<p>ATA \u2013 Reuni\u00e3o Comiss\u00e3o Eleitoral (03\/05\/2023):&nbsp;<a href=\"https:\/\/sinasefesp.org.br\/ata-reuniao-comissao-eleitoral-03-05-2023\/3-ata-da-comissao-eleitoral-03_05_23-assinada-por-jean-e-andrea\/\"><strong>Ata-da-Comissao-Eleitoral-03_05_23-Assinada-por-Jean-e-Andrea<\/strong><\/a><\/p>\n\n\n\n<p>ATA \u2013 Reuni\u00e3o Comiss\u00e3o Eleitoral (08\/05\/2023): <a href=\"https:\/\/sinasefesp.org.br\/ata-reuniao-comissao-eleitoral-08-05-2023\/2-ata-da-comissao-eleitoral-08_05_23-assinada-por-jean-e-andrea\/\"><strong>Ata-da-Comissao-Eleitoral-08_05_23-Assinada-por-Jean-e-Andrea<\/strong><\/a><\/p>\n\n\n\n<p>ATA \u2013 Reuni\u00e3o Comiss\u00e3o Eleitoral (22\/05\/2023): <a href=\"https:\/\/eleicao.sinasefesp.org.br\/wp-content\/uploads\/2023\/07\/5.-Ata_da_Comissao_Eleitoral_22_05_23_assinada.pdf\"><strong>Ata_da_Comissao_Eleitoral_22_05_23_Assinada-por-Jean-e-Andrea<\/strong><\/a><\/p>\n\n\n\n<blockquote class=\"wp-block-quote is-layout-flow wp-block-quote-is-layout-flow\">\n<p><\/p>\n<\/blockquote>\n\n\n\n<blockquote class=\"wp-block-quote is-layout-flow wp-block-quote-is-layout-flow\">\n<p><\/p>\n<\/blockquote>\n","protected":false},"excerpt":{"rendered":"<p>Essa se\u00e7\u00e3o re\u00fane todas as ATAS produzidas pela Comiss\u00e3o Eleitoral respons\u00e1vel pelo processo de elei\u00e7\u00e3o da Coordena\u00e7\u00e3o Funcional do Sinasefe-SP bi\u00eanio 2023\/2025.Estamos comprometidos(as) em assegurar um processo democr\u00e1tico e inclusivo, e contamos com a participa\u00e7\u00e3o ativa de cada um(a) de voc\u00eas nessa importante jornada. Juntos(as), fortalecemos a nossa se\u00e7\u00e3o sindical! ATA \u2013 Reuni\u00e3o Comiss\u00e3o Eleitoral&hellip;&nbsp;<\/p>\n","protected":false},"author":14,"featured_media":0,"parent":0,"menu_order":0,"comment_status":"closed","ping_status":"closed","template":"","meta":{"neve_meta_sidebar":"","neve_meta_container":"","neve_meta_enable_content_width":"","neve_meta_content_width":0,"neve_meta_title_alignment":"","neve_meta_author_avatar":"","neve_post_elements_order":"","neve_meta_disable_header":"","neve_meta_disable_footer":"","neve_meta_disable_title":"","footnotes":""},"class_list":["post-480","page","type-page","status-publish","hentry"],"_links":{"self":[{"href":"https:\/\/rede.sinasefesp.org.br\/eleicao2025\/wp-json\/wp\/v2\/pages\/480","targetHints":{"allow":["GET"]}}],"collection":[{"href":"https:\/\/rede.sinasefesp.org.br\/eleicao2025\/wp-json\/wp\/v2\/pages"}],"about":[{"href":"https:\/\/rede.sinasefesp.org.br\/eleicao2025\/wp-json\/wp\/v2\/types\/page"}],"author":[{"embeddable":true,"href":"https:\/\/rede.sinasefesp.org.br\/eleicao2025\/wp-json\/wp\/v2\/users\/14"}],"replies":[{"embeddable":true,"href":"https:\/\/rede.sinasefesp.org.br\/eleicao2025\/wp-json\/wp\/v2\/comments?post=480"}],"version-history":[{"count":0,"href":"https:\/\/rede.sinasefesp.org.br\/eleicao2025\/wp-json\/wp\/v2\/pages\/480\/revisions"}],"wp:attachment":[{"href":"https:\/\/rede.sinasefesp.org.br\/eleicao2025\/wp-json\/wp\/v2\/media?parent=480"}],"curies":[{"name":"wp","href":"https:\/\/api.w.org\/{rel}","templated":true}]}}