{"id":466,"date":"2023-06-30T08:22:17","date_gmt":"2023-06-30T11:22:17","guid":{"rendered":"https:\/\/eleicao.sinasefesp.org.br\/\/?page_id=466"},"modified":"2023-06-30T08:22:17","modified_gmt":"2023-06-30T11:22:17","slug":"as-chapas","status":"publish","type":"page","link":"https:\/\/rede.sinasefesp.org.br\/eleicao2025\/as-chapas\/","title":{"rendered":"As Chapas"},"content":{"rendered":"\n<div class=\"wp-block-cover alignfull\" style=\"min-height:20em;aspect-ratio:unset;\"><span aria-hidden=\"true\" class=\"wp-block-cover__background has-neve-link-color-background-color has-background-dim-0 has-background-dim\"><\/span><img loading=\"lazy\" decoding=\"async\" width=\"1800\" height=\"700\" class=\"wp-block-cover__image-background wp-image-713\" alt=\"\" src=\"https:\/\/eleicao.sinasefesp.org.br\/wp-content\/uploads\/2023\/07\/site_nov0-2.jpg\" data-object-fit=\"cover\" srcset=\"https:\/\/rede.sinasefesp.org.br\/eleicao2025\/wp-content\/uploads\/sites\/2\/2023\/07\/site_nov0-2.jpg 1800w, https:\/\/rede.sinasefesp.org.br\/eleicao2025\/wp-content\/uploads\/sites\/2\/2023\/07\/site_nov0-2-300x117.jpg 300w, https:\/\/rede.sinasefesp.org.br\/eleicao2025\/wp-content\/uploads\/sites\/2\/2023\/07\/site_nov0-2-1024x398.jpg 1024w, https:\/\/rede.sinasefesp.org.br\/eleicao2025\/wp-content\/uploads\/sites\/2\/2023\/07\/site_nov0-2-768x299.jpg 768w, https:\/\/rede.sinasefesp.org.br\/eleicao2025\/wp-content\/uploads\/sites\/2\/2023\/07\/site_nov0-2-1536x597.jpg 1536w\" sizes=\"auto, (max-width: 1800px) 100vw, 1800px\" \/><div class=\"wp-block-cover__inner-container is-layout-flow wp-block-cover-is-layout-flow\">\n<div style=\"height:80px\" aria-hidden=\"true\" class=\"wp-block-spacer\"><\/div>\n\n\n\n<div class=\"wp-block-columns alignwide is-layout-flex wp-container-core-columns-is-layout-9d6595d7 wp-block-columns-is-layout-flex\">\n<div class=\"wp-block-column is-layout-flow wp-block-column-is-layout-flow\">\n<div class=\"wp-block-group destaque-home-h1\"><div class=\"wp-block-group__inner-container is-layout-constrained wp-block-group-is-layout-constrained\">\n<h1 class=\"wp-block-heading has-text-align-left has-nv-text-dark-bg-color has-text-color\">As Chapas<\/h1>\n\n\n\n<figure class=\"wp-block-image size-large is-resized\"><img loading=\"lazy\" decoding=\"async\" src=\"https:\/\/eleicao.sinasefesp.org.br\/wp-content\/uploads\/2023\/06\/participe-1-1024x285.png\" alt=\"\" class=\"wp-image-616\" style=\"width:402px;height:112px\" width=\"402\" height=\"112\" srcset=\"https:\/\/rede.sinasefesp.org.br\/eleicao2025\/wp-content\/uploads\/sites\/2\/2023\/06\/participe-1-1024x285.png 1024w, https:\/\/rede.sinasefesp.org.br\/eleicao2025\/wp-content\/uploads\/sites\/2\/2023\/06\/participe-1-300x84.png 300w, https:\/\/rede.sinasefesp.org.br\/eleicao2025\/wp-content\/uploads\/sites\/2\/2023\/06\/participe-1-768x214.png 768w, https:\/\/rede.sinasefesp.org.br\/eleicao2025\/wp-content\/uploads\/sites\/2\/2023\/06\/participe-1.png 1200w\" sizes=\"auto, (max-width: 402px) 100vw, 402px\" \/><\/figure>\n<\/div><\/div>\n<\/div>\n<\/div>\n\n\n\n<div style=\"height:80px\" aria-hidden=\"true\" class=\"wp-block-spacer\"><\/div>\n<\/div><\/div>\n\n\n\n<div style=\"height:80px\" aria-hidden=\"true\" class=\"wp-block-spacer\"><\/div>\n\n\n\n<p class=\"has-text-align-center has-neve-text-color-color has-text-color\"><strong>CONHE\u00c7A OS PROGRAMAS DAS CHAPAS <\/strong><\/p>\n\n\n\n<div style=\"height:40px\" aria-hidden=\"true\" class=\"wp-block-spacer\"><\/div>\n\n\n\n<div class=\"wp-block-columns is-layout-flex wp-container-core-columns-is-layout-9d6595d7 wp-block-columns-is-layout-flex\">\n<div class=\"wp-block-column is-vertically-aligned-top is-layout-flow wp-block-column-is-layout-flow\">\n<figure class=\"wp-block-image size-large is-style-default\"><img loading=\"lazy\" decoding=\"async\" width=\"1024\" height=\"542\" src=\"https:\/\/eleicao.sinasefesp.org.br\/wp-content\/uploads\/2023\/08\/1-1024x542.jpg\" alt=\"\" class=\"wp-image-869\" srcset=\"https:\/\/rede.sinasefesp.org.br\/eleicao2025\/wp-content\/uploads\/sites\/2\/2023\/08\/1-1024x542.jpg 1024w, https:\/\/rede.sinasefesp.org.br\/eleicao2025\/wp-content\/uploads\/sites\/2\/2023\/08\/1-300x159.jpg 300w, https:\/\/rede.sinasefesp.org.br\/eleicao2025\/wp-content\/uploads\/sites\/2\/2023\/08\/1-768x407.jpg 768w, https:\/\/rede.sinasefesp.org.br\/eleicao2025\/wp-content\/uploads\/sites\/2\/2023\/08\/1.jpg 1190w\" sizes=\"auto, (max-width: 1024px) 100vw, 1024px\" \/><\/figure>\n\n\n\n<div style=\"height:16px\" aria-hidden=\"true\" class=\"wp-block-spacer\"><\/div>\n\n\n\n<h3 class=\"wp-block-heading has-text-align-center has-neve-text-color-color has-text-color\">Chapa 1<\/h3>\n\n\n\n<p class=\"has-text-align-center has-neve-text-color-color has-text-color\"><strong>Utopia e pr\u00e1xis: ousadia para esperan\u00e7ar, resistir e lutar.&nbsp;<\/strong><\/p>\n\n\n\n<div class=\"wp-block-buttons is-content-justification-center is-layout-flex wp-container-core-buttons-is-layout-16018d1d wp-block-buttons-is-layout-flex\">\n<div class=\"wp-block-button is-style-primary\"><a class=\"wp-block-button__link wp-element-button\" href=\"https:\/\/eleicao.sinasefesp.org.br\/wp-content\/uploads\/2023\/08\/Programa-Chapa-1.pdf\">CONHE\u00c7A O PROGRAMA<\/a><\/div>\n<\/div>\n\n\n\n<div style=\"height:40px\" aria-hidden=\"true\" class=\"wp-block-spacer\"><\/div>\n<\/div>\n\n\n\n<div class=\"wp-block-column is-vertically-aligned-top is-layout-flow wp-block-column-is-layout-flow\">\n<figure class=\"wp-block-image size-large is-style-default\"><img loading=\"lazy\" decoding=\"async\" width=\"1190\" height=\"630\" src=\"https:\/\/eleicao.sinasefesp.org.br\/wp-content\/uploads\/2023\/08\/2-1024x542.jpg\" alt=\"\" class=\"wp-image-870\" srcset=\"https:\/\/rede.sinasefesp.org.br\/eleicao2025\/wp-content\/uploads\/sites\/2\/2023\/08\/2-1024x542.jpg 1024w, https:\/\/rede.sinasefesp.org.br\/eleicao2025\/wp-content\/uploads\/sites\/2\/2023\/08\/2-300x159.jpg 300w, https:\/\/rede.sinasefesp.org.br\/eleicao2025\/wp-content\/uploads\/sites\/2\/2023\/08\/2-768x407.jpg 768w, https:\/\/rede.sinasefesp.org.br\/eleicao2025\/wp-content\/uploads\/sites\/2\/2023\/08\/2.jpg 1190w\" sizes=\"auto, (max-width: 1190px) 100vw, 1190px\" \/><\/figure>\n\n\n\n<div style=\"height:16px\" aria-hidden=\"true\" class=\"wp-block-spacer\"><\/div>\n\n\n\n<h3 class=\"wp-block-heading has-text-align-center has-neve-text-color-color has-text-color\">Chapa 2<\/h3>\n\n\n\n<p class=\"has-text-align-center has-neve-text-color-color has-text-color\"><strong>Retomada da luta pela base\/SPL.&nbsp;<\/strong><\/p>\n\n\n\n<div class=\"wp-block-buttons is-content-justification-center is-layout-flex wp-container-core-buttons-is-layout-16018d1d wp-block-buttons-is-layout-flex\">\n<div class=\"wp-block-button is-style-primary\"><a class=\"wp-block-button__link wp-element-button\" href=\"https:\/\/eleicao.sinasefesp.org.br\/wp-content\/uploads\/2023\/08\/Programa-da-Chapa-2.pdf\">CONHE\u00c7A O PROGRAMA<\/a><\/div>\n<\/div>\n\n\n\n<div style=\"height:40px\" aria-hidden=\"true\" class=\"wp-block-spacer\"><\/div>\n<\/div>\n<\/div>\n\n\n\n<div style=\"height:40px\" aria-hidden=\"true\" class=\"wp-block-spacer\"><\/div>\n\n\n","protected":false},"excerpt":{"rendered":"<p>CONHE\u00c7A OS PROGRAMAS DAS CHAPAS Chapa 1 Utopia e pr\u00e1xis: ousadia para esperan\u00e7ar, resistir e lutar.&nbsp; Chapa 2 Retomada da luta pela base\/SPL.&nbsp;<\/p>\n","protected":false},"author":14,"featured_media":0,"parent":0,"menu_order":0,"comment_status":"closed","ping_status":"open","template":"","meta":{"neve_meta_sidebar":"","neve_meta_container":"","neve_meta_enable_content_width":"","neve_meta_content_width":0,"neve_meta_title_alignment":"","neve_meta_author_avatar":"","neve_post_elements_order":"","neve_meta_disable_header":"","neve_meta_disable_footer":"off","neve_meta_disable_title":"on","footnotes":""},"class_list":["post-466","page","type-page","status-publish","hentry"],"_links":{"self":[{"href":"https:\/\/rede.sinasefesp.org.br\/eleicao2025\/wp-json\/wp\/v2\/pages\/466","targetHints":{"allow":["GET"]}}],"collection":[{"href":"https:\/\/rede.sinasefesp.org.br\/eleicao2025\/wp-json\/wp\/v2\/pages"}],"about":[{"href":"https:\/\/rede.sinasefesp.org.br\/eleicao2025\/wp-json\/wp\/v2\/types\/page"}],"author":[{"embeddable":true,"href":"https:\/\/rede.sinasefesp.org.br\/eleicao2025\/wp-json\/wp\/v2\/users\/14"}],"replies":[{"embeddable":true,"href":"https:\/\/rede.sinasefesp.org.br\/eleicao2025\/wp-json\/wp\/v2\/comments?post=466"}],"version-history":[{"count":0,"href":"https:\/\/rede.sinasefesp.org.br\/eleicao2025\/wp-json\/wp\/v2\/pages\/466\/revisions"}],"wp:attachment":[{"href":"https:\/\/rede.sinasefesp.org.br\/eleicao2025\/wp-json\/wp\/v2\/media?parent=466"}],"curies":[{"name":"wp","href":"https:\/\/api.w.org\/{rel}","templated":true}]}}