{"id":46,"date":"2021-02-16T11:44:42","date_gmt":"2021-02-16T11:44:42","guid":{"rendered":"https:\/\/demosites.io\/neve-3\/?page_id=46"},"modified":"2025-10-20T15:06:06","modified_gmt":"2025-10-20T18:06:06","slug":"7b3c2-homepage","status":"publish","type":"page","link":"https:\/\/rede.sinasefesp.org.br\/eleicao2025\/","title":{"rendered":"Inicial"},"content":{"rendered":"\n<div class=\"wp-block-cover alignfull has-parallax\" style=\"min-height:200px;aspect-ratio:unset;\"><div class=\"wp-block-cover__image-background wp-image-984 has-parallax\" style=\"background-position:50% 50%;background-image:url(http:\/\/rede.sinasefesp.org.br\/eleicao2025\/wp-content\/uploads\/sites\/2\/2025\/09\/WhatsApp-Image-2025-09-02-at-18.01.47-1024x355.jpeg)\"><\/div><span aria-hidden=\"true\" class=\"wp-block-cover__background has-background-dim-100 has-background-dim\" style=\"background-color:#024d9e\"><\/span><div class=\"wp-block-cover__inner-container is-layout-flow wp-block-cover-is-layout-flow\">\n<\/div><\/div>\n\n\n\n<div style=\"height:20px\" aria-hidden=\"true\" class=\"wp-block-spacer\"><\/div>\n\n\n\n<div class=\"wp-block-columns are-vertically-aligned-top is-layout-flex wp-container-core-columns-is-layout-9d6595d7 wp-block-columns-is-layout-flex\">\n<div class=\"wp-block-column is-vertically-aligned-top is-layout-flow wp-block-column-is-layout-flow\">\n<div style=\"height:16px\" aria-hidden=\"true\" class=\"wp-block-spacer\"><\/div>\n\n\n\n<h3 class=\"wp-block-heading has-text-color has-medium-font-size\" style=\"color:#024d9e\">C\u00d3DIGO ELEITORAL<\/h3>\n\n\n\n<figure class=\"wp-block-image size-full\"><img loading=\"lazy\" decoding=\"async\" width=\"600\" height=\"300\" src=\"http:\/\/rede.sinasefesp.org.br\/eleicao2025\/wp-content\/uploads\/sites\/2\/2025\/09\/WhatsApp-Image-2025-09-02-at-18.29.46.jpeg\" alt=\"\" class=\"wp-image-987\" srcset=\"https:\/\/rede.sinasefesp.org.br\/eleicao2025\/wp-content\/uploads\/sites\/2\/2025\/09\/WhatsApp-Image-2025-09-02-at-18.29.46.jpeg 600w, https:\/\/rede.sinasefesp.org.br\/eleicao2025\/wp-content\/uploads\/sites\/2\/2025\/09\/WhatsApp-Image-2025-09-02-at-18.29.46-300x150.jpeg 300w\" sizes=\"auto, (max-width: 600px) 100vw, 600px\" \/><\/figure>\n\n\n\n<div style=\"height:20px\" aria-hidden=\"true\" class=\"wp-block-spacer\"><\/div>\n\n\n\n<p><a href=\"https:\/\/eleicao.sinasefesp.org.br\/wp-content\/uploads\/2023\/07\/REGIMENTO_INTERNO_SINASEFE_SP_2023.pdf\"><\/a>Aqui voc\u00ea encontra todas as orienta\u00e7\u00f5es sobre a Elei\u00e7\u00e3o. (Em breve)<\/p>\n<\/div>\n\n\n\n<div class=\"wp-block-column is-vertically-aligned-top is-layout-flow wp-block-column-is-layout-flow\">\n<div style=\"height:16px\" aria-hidden=\"true\" class=\"wp-block-spacer\"><\/div>\n\n\n\n<h3 class=\"wp-block-heading has-neve-link-color-color has-text-color has-medium-font-size\">CALEND\u00c1RIO ELEITORAL<\/h3>\n\n\n\n<figure class=\"wp-block-image size-full\"><img loading=\"lazy\" decoding=\"async\" width=\"600\" height=\"300\" src=\"http:\/\/rede.sinasefesp.org.br\/eleicao2025\/wp-content\/uploads\/sites\/2\/2025\/09\/WhatsApp-Image-2025-09-02-at-18.29.47.jpeg\" alt=\"\" class=\"wp-image-986\" srcset=\"https:\/\/rede.sinasefesp.org.br\/eleicao2025\/wp-content\/uploads\/sites\/2\/2025\/09\/WhatsApp-Image-2025-09-02-at-18.29.47.jpeg 600w, https:\/\/rede.sinasefesp.org.br\/eleicao2025\/wp-content\/uploads\/sites\/2\/2025\/09\/WhatsApp-Image-2025-09-02-at-18.29.47-300x150.jpeg 300w\" sizes=\"auto, (max-width: 600px) 100vw, 600px\" \/><\/figure>\n\n\n\n<div style=\"height:20px\" aria-hidden=\"true\" class=\"wp-block-spacer\"><\/div>\n\n\n\n<p>A vota\u00e7\u00e3o ser\u00e1 no dia 18 de novembro de 2025. Confira o calend\u00e1rio completo. (Em breve)<\/p>\n<\/div>\n\n\n\n<div class=\"wp-block-column is-vertically-aligned-top is-layout-flow wp-block-column-is-layout-flow\">\n<div style=\"height:16px\" aria-hidden=\"true\" class=\"wp-block-spacer\"><\/div>\n\n\n\n<h3 class=\"wp-block-heading has-neve-link-color-color has-text-color has-medium-font-size\">VEJA COMO VOTAR<\/h3>\n\n\n\n<figure class=\"wp-block-image size-full\"><img loading=\"lazy\" decoding=\"async\" width=\"600\" height=\"300\" src=\"http:\/\/rede.sinasefesp.org.br\/eleicao2025\/wp-content\/uploads\/sites\/2\/2025\/09\/WhatsApp-Image-2025-09-02-at-18.29.471.jpeg\" alt=\"\" class=\"wp-image-985\" srcset=\"https:\/\/rede.sinasefesp.org.br\/eleicao2025\/wp-content\/uploads\/sites\/2\/2025\/09\/WhatsApp-Image-2025-09-02-at-18.29.471.jpeg 600w, https:\/\/rede.sinasefesp.org.br\/eleicao2025\/wp-content\/uploads\/sites\/2\/2025\/09\/WhatsApp-Image-2025-09-02-at-18.29.471-300x150.jpeg 300w\" sizes=\"auto, (max-width: 600px) 100vw, 600px\" \/><\/figure>\n\n\n\n<div style=\"height:20px\" aria-hidden=\"true\" class=\"wp-block-spacer\"><\/div>\n\n\n\n<p>Orienta\u00e7\u00f5es sobre Como Votar. (Em breve)<\/p>\n<\/div>\n<\/div>\n\n\n\n<div style=\"height:20px\" aria-hidden=\"true\" class=\"wp-block-spacer\"><\/div>\n\n\n\n<div class=\"wp-block-cover alignfull\"><img loading=\"lazy\" decoding=\"async\" width=\"1024\" height=\"355\" class=\"wp-block-cover__image-background wp-image-1011 size-large\" alt=\"\" src=\"https:\/\/rede.sinasefesp.org.br\/eleicao2025\/wp-content\/uploads\/sites\/2\/2025\/09\/CLIQUE-AQUI-PARA-VOTAR-1024x355.png\" data-object-fit=\"cover\" srcset=\"https:\/\/rede.sinasefesp.org.br\/eleicao2025\/wp-content\/uploads\/sites\/2\/2025\/09\/CLIQUE-AQUI-PARA-VOTAR-1024x355.png 1024w, https:\/\/rede.sinasefesp.org.br\/eleicao2025\/wp-content\/uploads\/sites\/2\/2025\/09\/CLIQUE-AQUI-PARA-VOTAR-300x104.png 300w, https:\/\/rede.sinasefesp.org.br\/eleicao2025\/wp-content\/uploads\/sites\/2\/2025\/09\/CLIQUE-AQUI-PARA-VOTAR-768x267.png 768w, https:\/\/rede.sinasefesp.org.br\/eleicao2025\/wp-content\/uploads\/sites\/2\/2025\/09\/CLIQUE-AQUI-PARA-VOTAR.png 1896w\" sizes=\"auto, (max-width: 1024px) 100vw, 1024px\" \/><span aria-hidden=\"true\" class=\"wp-block-cover__background has-nv-light-bg-background-color has-background-dim\"><\/span><div class=\"wp-block-cover__inner-container is-layout-constrained wp-block-cover-is-layout-constrained\">\n<div style=\"height:100px\" aria-hidden=\"true\" class=\"wp-block-spacer\"><\/div>\n\n\n<div class=\"wp-block-image\">\n<figure class=\"aligncenter size-full is-resized\"><a href=\"https:\/\/sinasefesp.org.br\/\" target=\"_blank\" rel=\" noreferrer noopener\"><img loading=\"lazy\" decoding=\"async\" width=\"738\" height=\"138\" src=\"http:\/\/rede.sinasefesp.org.br\/eleicao2025\/wp-content\/uploads\/sites\/2\/2023\/06\/logo2.png\" alt=\"\" class=\"wp-image-528\" style=\"width:492px;height:auto\" srcset=\"https:\/\/rede.sinasefesp.org.br\/eleicao2025\/wp-content\/uploads\/sites\/2\/2023\/06\/logo2.png 738w, https:\/\/rede.sinasefesp.org.br\/eleicao2025\/wp-content\/uploads\/sites\/2\/2023\/06\/logo2-300x56.png 300w\" sizes=\"auto, (max-width: 738px) 100vw, 738px\" \/><\/a><\/figure>\n<\/div>\n\n\n<div style=\"height:40px\" aria-hidden=\"true\" class=\"wp-block-spacer\"><\/div>\n\n\n\n<h3 class=\"wp-block-heading has-text-align-center has-text-color has-link-color wp-elements-f2eddb628642661203687a505403e21d\" style=\"color:#5a5a5a\">Fa\u00e7a parte do processo eleitoral. <br>Compartilhe as informa\u00e7\u00f5es e chame <br>sua rede para participar tamb\u00e9m.<\/h3>\n\n\n\n<div style=\"height:40px\" aria-hidden=\"true\" class=\"wp-block-spacer\"><\/div>\n<\/div><\/div>\n","protected":false},"excerpt":{"rendered":"<p>C\u00d3DIGO ELEITORAL Aqui voc\u00ea encontra todas as orienta\u00e7\u00f5es sobre a Elei\u00e7\u00e3o. (Em breve) CALEND\u00c1RIO ELEITORAL A vota\u00e7\u00e3o ser\u00e1 no dia 18 de novembro de 2025. Confira o calend\u00e1rio completo. (Em breve) VEJA COMO VOTAR Orienta\u00e7\u00f5es sobre Como Votar. (Em breve)<\/p>\n","protected":false},"author":14,"featured_media":0,"parent":0,"menu_order":0,"comment_status":"closed","ping_status":"closed","template":"","meta":{"neve_meta_sidebar":"full-width","neve_meta_container":"contained","neve_meta_enable_content_width":"on","neve_meta_content_width":100,"neve_meta_title_alignment":"","neve_meta_author_avatar":"","neve_post_elements_order":"","neve_meta_disable_header":"","neve_meta_disable_footer":"","neve_meta_disable_title":"on","footnotes":""},"class_list":["post-46","page","type-page","status-publish","hentry"],"_links":{"self":[{"href":"https:\/\/rede.sinasefesp.org.br\/eleicao2025\/wp-json\/wp\/v2\/pages\/46","targetHints":{"allow":["GET"]}}],"collection":[{"href":"https:\/\/rede.sinasefesp.org.br\/eleicao2025\/wp-json\/wp\/v2\/pages"}],"about":[{"href":"https:\/\/rede.sinasefesp.org.br\/eleicao2025\/wp-json\/wp\/v2\/types\/page"}],"author":[{"embeddable":true,"href":"https:\/\/rede.sinasefesp.org.br\/eleicao2025\/wp-json\/wp\/v2\/users\/14"}],"replies":[{"embeddable":true,"href":"https:\/\/rede.sinasefesp.org.br\/eleicao2025\/wp-json\/wp\/v2\/comments?post=46"}],"version-history":[{"count":31,"href":"https:\/\/rede.sinasefesp.org.br\/eleicao2025\/wp-json\/wp\/v2\/pages\/46\/revisions"}],"predecessor-version":[{"id":1045,"href":"https:\/\/rede.sinasefesp.org.br\/eleicao2025\/wp-json\/wp\/v2\/pages\/46\/revisions\/1045"}],"wp:attachment":[{"href":"https:\/\/rede.sinasefesp.org.br\/eleicao2025\/wp-json\/wp\/v2\/media?parent=46"}],"curies":[{"name":"wp","href":"https:\/\/api.w.org\/{rel}","templated":true}]}}